{"id":2289,"date":"2021-12-11T10:32:09","date_gmt":"2021-12-11T08:32:09","guid":{"rendered":"https:\/\/www.godsutera.it\/?page_id=2289"},"modified":"2021-12-11T17:45:47","modified_gmt":"2021-12-11T15:45:47","slug":"sentiero-1","status":"publish","type":"page","link":"https:\/\/www.godsutera.it\/index.php\/trekking\/sentiero-1\/","title":{"rendered":"Sentiero 1"},"content":{"rendered":"\n<h2 class=\"wp-block-heading\"><strong>Percorso naturalistico-culturale Pizzo San Marco<\/strong><\/h2>\n\n\n\n<p><strong><span style=\"text-decoration: underline;\">Descrizione:<\/span><\/strong> Il percorso naturalistico \u201cPizzo San Marco\u201d \u00e8 uno dei pi\u00f9 belli e suggestivi del territorio di Sutera. Natura, panorama, arte, cultura gessosa e opere d\u2019arte si mescolano in un territorio ricco di sorprese. Di leggende sul pizzo San Marco ce ne sono parecchie, poich\u00e9 il luogo \u00e8 cos\u00ec bello e misterioso da prestarsi ai racconti tramandati nel tempo. \u201cLi figureddi\u201d, \u201cLa carcara di issu\u201d, \u201cLa valle dell\u2019eden\u201d e \u201cIl bevaio della Aravia\u201d sono le principali attrazioni di questo percorso immerso in luoghi magici passando ai piedi di Donnibesi.<\/p>\n\n\n\n<p><strong><span style=\"text-decoration: underline;\">Informazioni sul percorso:<\/span><\/strong> Si tratta di un percorso misto, composto da sentieri, asfalto, sterrato, fuori pista e vegetazione selvaggia.<br>La sua lunghezza complessiva \u00e8 di circa 6,5 km, con un dislivello di 150 mt circa.<\/p>\n\n\n\n<p>Per percorrerlo interamente occorrono circa 4 ore, soste comprese.<\/p>\n\n\n\n<p><strong><span style=\"text-decoration: underline;\">Difficolt\u00e0 e classificazione CAI:<\/span><\/strong> (Medio)<\/p>\n\n\n\n<figure class=\"wp-block-image size-large\"><img loading=\"lazy\" decoding=\"async\" width=\"1024\" height=\"209\" src=\"https:\/\/www.godsutera.it\/wp-content\/uploads\/2021\/12\/san-marco-altimetria-1024x209.jpg\" alt=\"\" class=\"wp-image-2292\" srcset=\"https:\/\/www.godsutera.it\/wp-content\/uploads\/2021\/12\/san-marco-altimetria-1024x209.jpg 1024w, https:\/\/www.godsutera.it\/wp-content\/uploads\/2021\/12\/san-marco-altimetria-300x61.jpg 300w, https:\/\/www.godsutera.it\/wp-content\/uploads\/2021\/12\/san-marco-altimetria-768x157.jpg 768w, https:\/\/www.godsutera.it\/wp-content\/uploads\/2021\/12\/san-marco-altimetria-228x46.jpg 228w, https:\/\/www.godsutera.it\/wp-content\/uploads\/2021\/12\/san-marco-altimetria.jpg 1084w\" sizes=\"auto, (max-width: 1024px) 100vw, 1024px\" \/><figcaption>Altimetria del sentiero<\/figcaption><\/figure>\n\n\n\n<figure class=\"wp-block-image size-full\"><img loading=\"lazy\" decoding=\"async\" width=\"960\" height=\"640\" src=\"https:\/\/www.godsutera.it\/wp-content\/uploads\/2021\/12\/san-marco-foto1.jpg\" alt=\"\" class=\"wp-image-2293\" srcset=\"https:\/\/www.godsutera.it\/wp-content\/uploads\/2021\/12\/san-marco-foto1.jpg 960w, https:\/\/www.godsutera.it\/wp-content\/uploads\/2021\/12\/san-marco-foto1-300x200.jpg 300w, https:\/\/www.godsutera.it\/wp-content\/uploads\/2021\/12\/san-marco-foto1-768x512.jpg 768w, https:\/\/www.godsutera.it\/wp-content\/uploads\/2021\/12\/san-marco-foto1-174x116.jpg 174w\" sizes=\"auto, (max-width: 960px) 100vw, 960px\" \/><figcaption>Gruppo in arrivo a San Marco<\/figcaption><\/figure>\n\n\n\n<figure class=\"wp-block-image size-full\"><img loading=\"lazy\" decoding=\"async\" width=\"960\" height=\"640\" src=\"https:\/\/www.godsutera.it\/wp-content\/uploads\/2021\/12\/san-marco-foto2.jpg\" alt=\"\" class=\"wp-image-2294\" srcset=\"https:\/\/www.godsutera.it\/wp-content\/uploads\/2021\/12\/san-marco-foto2.jpg 960w, https:\/\/www.godsutera.it\/wp-content\/uploads\/2021\/12\/san-marco-foto2-300x200.jpg 300w, https:\/\/www.godsutera.it\/wp-content\/uploads\/2021\/12\/san-marco-foto2-768x512.jpg 768w, https:\/\/www.godsutera.it\/wp-content\/uploads\/2021\/12\/san-marco-foto2-174x116.jpg 174w\" sizes=\"auto, (max-width: 960px) 100vw, 960px\" \/><figcaption>Il pizzo San Marco<\/figcaption><\/figure>\n\n\n\n<figure class=\"wp-block-image size-full\"><img loading=\"lazy\" decoding=\"async\" width=\"960\" height=\"640\" src=\"https:\/\/www.godsutera.it\/wp-content\/uploads\/2021\/12\/san-marco-foto3.jpg\" alt=\"\" class=\"wp-image-2295\" srcset=\"https:\/\/www.godsutera.it\/wp-content\/uploads\/2021\/12\/san-marco-foto3.jpg 960w, https:\/\/www.godsutera.it\/wp-content\/uploads\/2021\/12\/san-marco-foto3-300x200.jpg 300w, https:\/\/www.godsutera.it\/wp-content\/uploads\/2021\/12\/san-marco-foto3-768x512.jpg 768w, https:\/\/www.godsutera.it\/wp-content\/uploads\/2021\/12\/san-marco-foto3-174x116.jpg 174w\" sizes=\"auto, (max-width: 960px) 100vw, 960px\" \/><figcaption>La Cappella rupestre di San Marco<\/figcaption><\/figure>\n\n\n\n<p><\/p>\n","protected":false},"excerpt":{"rendered":"<p>Percorso naturalistico-culturale Pizzo San Marco Descrizione: Il percorso naturalistico \u201cPizzo San Marco\u201d \u00e8 uno dei pi\u00f9 belli e suggestivi del &hellip; <a href=\"https:\/\/www.godsutera.it\/index.php\/trekking\/sentiero-1\/\" class=\"more-link\">Continue reading <span class=\"screen-reader-text\">Sentiero 1<\/span><\/a><\/p>\n","protected":false},"author":3,"featured_media":0,"parent":1943,"menu_order":0,"comment_status":"closed","ping_status":"closed","template":"","meta":{"footnotes":""},"class_list":["post-2289","page","type-page","status-publish","hentry"],"_links":{"self":[{"href":"https:\/\/www.godsutera.it\/index.php\/wp-json\/wp\/v2\/pages\/2289","targetHints":{"allow":["GET"]}}],"collection":[{"href":"https:\/\/www.godsutera.it\/index.php\/wp-json\/wp\/v2\/pages"}],"about":[{"href":"https:\/\/www.godsutera.it\/index.php\/wp-json\/wp\/v2\/types\/page"}],"author":[{"embeddable":true,"href":"https:\/\/www.godsutera.it\/index.php\/wp-json\/wp\/v2\/users\/3"}],"replies":[{"embeddable":true,"href":"https:\/\/www.godsutera.it\/index.php\/wp-json\/wp\/v2\/comments?post=2289"}],"version-history":[{"count":6,"href":"https:\/\/www.godsutera.it\/index.php\/wp-json\/wp\/v2\/pages\/2289\/revisions"}],"predecessor-version":[{"id":2354,"href":"https:\/\/www.godsutera.it\/index.php\/wp-json\/wp\/v2\/pages\/2289\/revisions\/2354"}],"up":[{"embeddable":true,"href":"https:\/\/www.godsutera.it\/index.php\/wp-json\/wp\/v2\/pages\/1943"}],"wp:attachment":[{"href":"https:\/\/www.godsutera.it\/index.php\/wp-json\/wp\/v2\/media?parent=2289"}],"curies":[{"name":"wp","href":"https:\/\/api.w.org\/{rel}","templated":true}]}}